{"id":8,"date":"2021-01-14T12:24:15","date_gmt":"2021-01-14T12:24:15","guid":{"rendered":"https:\/\/littlestudioofrecordings.com\/press\/?page_id=8"},"modified":"2022-04-16T13:20:46","modified_gmt":"2022-04-16T13:20:46","slug":"kontakt","status":"publish","type":"page","link":"https:\/\/littlestudioofrecordings.com\/press\/?page_id=8","title":{"rendered":"Kontakt"},"content":{"rendered":"\n<p class=\"has-text-align-left\">Inhaber\/Studioadresse:<\/p>\n\n\n\n<p class=\"has-text-align-left\" style=\"line-height:1.5\">J\u00fcrgen Kasser<br>Hochgerichtstra\u00dfe 2a<br>3233 Kilb<br><\/p>\n\n\n\n<p class=\"has-text-align-left\" style=\"line-height:1.5\">Erstkontakt bitte schriftlich!<\/p>\n\n\n\n<p class=\"has-text-align-left\" style=\"line-height:1.5\">juergen@littlestudioofrecordings.com<br>(0043) 680 &#8211; 124F\u00fcnfZweiVier6<\/p>\n","protected":false},"excerpt":{"rendered":"<p>Inhaber\/Studioadresse: J\u00fcrgen KasserHochgerichtstra\u00dfe 2a3233 Kilb Erstkontakt bitte schriftlich! juergen@littlestudioofrecordings.com(0043) 680 &#8211; 124F\u00fcnfZweiVier6<\/p>\n","protected":false},"author":1,"featured_media":0,"parent":0,"menu_order":0,"comment_status":"closed","ping_status":"closed","template":"","meta":{"footnotes":""},"class_list":["post-8","page","type-page","status-publish","hentry","entry"],"_links":{"self":[{"href":"https:\/\/littlestudioofrecordings.com\/press\/index.php?rest_route=\/wp\/v2\/pages\/8","targetHints":{"allow":["GET"]}}],"collection":[{"href":"https:\/\/littlestudioofrecordings.com\/press\/index.php?rest_route=\/wp\/v2\/pages"}],"about":[{"href":"https:\/\/littlestudioofrecordings.com\/press\/index.php?rest_route=\/wp\/v2\/types\/page"}],"author":[{"embeddable":true,"href":"https:\/\/littlestudioofrecordings.com\/press\/index.php?rest_route=\/wp\/v2\/users\/1"}],"replies":[{"embeddable":true,"href":"https:\/\/littlestudioofrecordings.com\/press\/index.php?rest_route=%2Fwp%2Fv2%2Fcomments&post=8"}],"version-history":[{"count":4,"href":"https:\/\/littlestudioofrecordings.com\/press\/index.php?rest_route=\/wp\/v2\/pages\/8\/revisions"}],"predecessor-version":[{"id":236,"href":"https:\/\/littlestudioofrecordings.com\/press\/index.php?rest_route=\/wp\/v2\/pages\/8\/revisions\/236"}],"wp:attachment":[{"href":"https:\/\/littlestudioofrecordings.com\/press\/index.php?rest_route=%2Fwp%2Fv2%2Fmedia&parent=8"}],"curies":[{"name":"wp","href":"https:\/\/api.w.org\/{rel}","templated":true}]}}